{"id":3677,"date":"2026-02-06T10:42:51","date_gmt":"2026-02-06T09:42:51","guid":{"rendered":"https:\/\/armoni.it\/?post_type=product&#038;p=3677"},"modified":"2026-02-12T09:40:38","modified_gmt":"2026-02-12T08:40:38","slug":"metriko","status":"publish","type":"product","link":"https:\/\/armoni.it\/?product=metriko","title":{"rendered":"METRIKO"},"content":{"rendered":"<p data-path-to-node=\"2\">Il sistema <b data-path-to-node=\"2\" data-index-in-node=\"11\">Metriko<\/b> \u00e8 progettato per rispondere alle esigenze di spazi dinamici che richiedono resistenza e massima flessibilit\u00e0. Il tratto distintivo di questo modello \u00e8 la sua struttura estremamente robusta, concepita per garantire una stabilit\u00e0 superiore senza rinunciare alla praticit\u00e0.<\/p>\n<p data-path-to-node=\"3\">Pensato per la progettazione di ambienti collettivi e aree di lavoro evolute, Metriko offre una versatilit\u00e0 nella capacit\u00e0 di aggregazione: i tavoli sono studiati per essere perfettamente allineabili, permettendo di creare lunghe file o composizioni articolate dalla continuit\u00e0 estetica impeccabile. Che si tratti di sale conferenze, spazi coworking o laboratori, Metriko si conferma la soluzione definitiva per chi cerca un arredo tecnico, affidabile e modulare.<\/p>\n","protected":false},"excerpt":{"rendered":"<p>La struttura di <strong>METRIKO <\/strong>\u00e8 molto robusta ; i tavoli sono perfettamente allineabili per creare lunghe file o composizioni.<\/p>\n","protected":false},"featured_media":3647,"comment_status":"open","ping_status":"closed","template":"","meta":[],"product_cat":[112],"product_tag":[],"class_list":{"0":"post-3677","1":"product","2":"type-product","3":"status-publish","4":"has-post-thumbnail","6":"product_cat-tavolo","8":"first","9":"instock","10":"shipping-taxable","11":"product-type-simple"},"_links":{"self":[{"href":"https:\/\/armoni.it\/index.php?rest_route=\/wp\/v2\/product\/3677","targetHints":{"allow":["GET"]}}],"collection":[{"href":"https:\/\/armoni.it\/index.php?rest_route=\/wp\/v2\/product"}],"about":[{"href":"https:\/\/armoni.it\/index.php?rest_route=\/wp\/v2\/types\/product"}],"replies":[{"embeddable":true,"href":"https:\/\/armoni.it\/index.php?rest_route=%2Fwp%2Fv2%2Fcomments&post=3677"}],"version-history":[{"count":4,"href":"https:\/\/armoni.it\/index.php?rest_route=\/wp\/v2\/product\/3677\/revisions"}],"predecessor-version":[{"id":3756,"href":"https:\/\/armoni.it\/index.php?rest_route=\/wp\/v2\/product\/3677\/revisions\/3756"}],"wp:featuredmedia":[{"embeddable":true,"href":"https:\/\/armoni.it\/index.php?rest_route=\/wp\/v2\/media\/3647"}],"wp:attachment":[{"href":"https:\/\/armoni.it\/index.php?rest_route=%2Fwp%2Fv2%2Fmedia&parent=3677"}],"wp:term":[{"taxonomy":"product_cat","embeddable":true,"href":"https:\/\/armoni.it\/index.php?rest_route=%2Fwp%2Fv2%2Fproduct_cat&post=3677"},{"taxonomy":"product_tag","embeddable":true,"href":"https:\/\/armoni.it\/index.php?rest_route=%2Fwp%2Fv2%2Fproduct_tag&post=3677"}],"curies":[{"name":"wp","href":"https:\/\/api.w.org\/{rel}","templated":true}]}}