{"id":3671,"date":"2026-02-06T10:38:09","date_gmt":"2026-02-06T09:38:09","guid":{"rendered":"https:\/\/armoni.it\/?post_type=product&#038;p=3671"},"modified":"2026-02-12T09:40:59","modified_gmt":"2026-02-12T08:40:59","slug":"inka","status":"publish","type":"product","link":"https:\/\/armoni.it\/?product=inka","title":{"rendered":"INKA"},"content":{"rendered":"<p data-path-to-node=\"2\">Il tavolo <b data-path-to-node=\"2\" data-index-in-node=\"10\">Inka<\/b> \u00e8 la risposta ideale per chi necessita di massima flessibilit\u00e0 e praticit\u00e0 in ambienti multifunzionali. Progettato per essere estremamente maneggevole negli spostamenti, questo modello si distingue per le sue gambe pieghevoli, che permettono di riconfigurare i volumi in pochi istanti. Una volta riposto, Inka si impila perfettamente, riducendo l\u2019ingombro al minimo e ottimizzando ogni centimetro di spazio.<\/p>\n<p data-path-to-node=\"3\">La sua anima modulare lo rende perfetto per sale conferenze, aule formazione o aree eventi: grazie allo speciale aggancio in nylon, i tavoli possono essere allineati e collegati tra loro con estrema facilit\u00e0, creando composizioni stabili e ordinate. Con Inka, l&#8217;efficienza incontra un design funzionale, capace di adattarsi rapidamente al variare delle esigenze operative.<\/p>\n","protected":false},"excerpt":{"rendered":"<p>Tavolo con gambe pieghevoli ideale per ambienti polivalenti, pratico e maneggevole negli spostamenti. Si impila perfettamente occupando un minimo spazio. I tavoli si possono allineare e collegare con aggancio in nylon.<\/p>\n","protected":false},"featured_media":3632,"comment_status":"open","ping_status":"closed","template":"","meta":[],"product_cat":[112],"product_tag":[],"class_list":{"0":"post-3671","1":"product","2":"type-product","3":"status-publish","4":"has-post-thumbnail","6":"product_cat-tavolo","8":"first","9":"instock","10":"shipping-taxable","11":"product-type-simple"},"_links":{"self":[{"href":"https:\/\/armoni.it\/index.php?rest_route=\/wp\/v2\/product\/3671","targetHints":{"allow":["GET"]}}],"collection":[{"href":"https:\/\/armoni.it\/index.php?rest_route=\/wp\/v2\/product"}],"about":[{"href":"https:\/\/armoni.it\/index.php?rest_route=\/wp\/v2\/types\/product"}],"replies":[{"embeddable":true,"href":"https:\/\/armoni.it\/index.php?rest_route=%2Fwp%2Fv2%2Fcomments&post=3671"}],"version-history":[{"count":3,"href":"https:\/\/armoni.it\/index.php?rest_route=\/wp\/v2\/product\/3671\/revisions"}],"predecessor-version":[{"id":3697,"href":"https:\/\/armoni.it\/index.php?rest_route=\/wp\/v2\/product\/3671\/revisions\/3697"}],"wp:featuredmedia":[{"embeddable":true,"href":"https:\/\/armoni.it\/index.php?rest_route=\/wp\/v2\/media\/3632"}],"wp:attachment":[{"href":"https:\/\/armoni.it\/index.php?rest_route=%2Fwp%2Fv2%2Fmedia&parent=3671"}],"wp:term":[{"taxonomy":"product_cat","embeddable":true,"href":"https:\/\/armoni.it\/index.php?rest_route=%2Fwp%2Fv2%2Fproduct_cat&post=3671"},{"taxonomy":"product_tag","embeddable":true,"href":"https:\/\/armoni.it\/index.php?rest_route=%2Fwp%2Fv2%2Fproduct_tag&post=3671"}],"curies":[{"name":"wp","href":"https:\/\/api.w.org\/{rel}","templated":true}]}}