{"id":2156,"date":"2023-04-30T06:38:50","date_gmt":"2023-04-30T06:38:50","guid":{"rendered":"https:\/\/armoni.it\/?page_id=2156"},"modified":"2026-03-17T15:00:07","modified_gmt":"2026-03-17T14:00:07","slug":"chi-siamo","status":"publish","type":"page","link":"https:\/\/armoni.it\/?page_id=2156","title":{"rendered":"chi siamo"},"content":{"rendered":"\t\t<div data-elementor-type=\"wp-page\" data-elementor-id=\"2156\" class=\"elementor elementor-2156\">\n\t\t\t\t<div class=\"elementor-element elementor-element-7a8bddf e-flex e-con-boxed e-con e-parent\" data-id=\"7a8bddf\" data-element_type=\"container\" data-e-type=\"container\">\n\t\t\t\t\t<div class=\"e-con-inner\">\n\t\t<div class=\"elementor-element elementor-element-466b282 e-con-full e-flex e-con e-child\" data-id=\"466b282\" data-element_type=\"container\" data-e-type=\"container\">\n\t\t\t\t<div class=\"elementor-element elementor-element-76c04a9 elementor-widget elementor-widget-heading\" data-id=\"76c04a9\" data-element_type=\"widget\" data-e-type=\"widget\" data-widget_type=\"heading.default\">\n\t\t\t\t<div class=\"elementor-widget-container\">\n\t\t\t\t\t<span class=\"elementor-heading-title elementor-size-default\">L\u2019eleganza del design, il valore dell\u2019intelligenza.<\/span>\t\t\t\t<\/div>\n\t\t\t\t<\/div>\n\t\t\t\t<div class=\"elementor-element elementor-element-fa2f5f9 elementor-widget elementor-widget-text-editor\" data-id=\"fa2f5f9\" data-element_type=\"widget\" data-e-type=\"widget\" data-widget_type=\"text-editor.default\">\n\t\t\t\t<div class=\"elementor-widget-container\">\n\t\t\t\t\t\t\t\t\t<p data-start=\"267\" data-end=\"609\">Armoni nasce dall\u2019idea di offrire una nuova prospettiva sul mondo dell\u2019arredo: rendere accessibili prodotti di <strong data-start=\"385\" data-end=\"430\">design originale, autentico e certificato<\/strong>, provenienti da esposizioni, fiere o collezioni fuori produzione, ma sempre <strong data-start=\"507\" data-end=\"528\">nuovi e garantiti<\/strong>.<br data-start=\"529\" data-end=\"532\" \/>Ogni pezzo che selezioniamo \u00e8 una scelta di stile, qualit\u00e0 e sostenibilit\u00e0.<\/p><p data-start=\"611\" data-end=\"950\">La nostra missione \u00e8 valorizzare il ciclo di vita del design di qualit\u00e0, dando una seconda occasione ad arredi nati per durare.<br data-start=\"738\" data-end=\"741\" \/>Non un outlet, ma una <strong data-start=\"763\" data-end=\"785\">piattaforma curata<\/strong> dove <strong data-start=\"791\" data-end=\"840\">architetti, arredatori, rivenditori e privati<\/strong> possono scoprire <strong data-start=\"858\" data-end=\"887\">occasioni di valore reale<\/strong>, frutto di una selezione attenta e di un\u2019estetica senza tempo.<\/p>\t\t\t\t\t\t\t\t<\/div>\n\t\t\t\t<\/div>\n\t\t\t\t<\/div>\n\t\t<div class=\"elementor-element elementor-element-ff46aee e-con-full e-flex e-con e-child\" data-id=\"ff46aee\" data-element_type=\"container\" data-e-type=\"container\" data-settings=\"{&quot;background_background&quot;:&quot;classic&quot;}\">\n\t\t\t\t<div class=\"elementor-element elementor-element-5f7200b elementor-widget elementor-widget-heading\" data-id=\"5f7200b\" data-element_type=\"widget\" data-e-type=\"widget\" data-widget_type=\"heading.default\">\n\t\t\t\t<div class=\"elementor-widget-container\">\n\t\t\t\t\t<span class=\"elementor-heading-title elementor-size-default\">Marcus Sholz<\/span>\t\t\t\t<\/div>\n\t\t\t\t<\/div>\n\t\t\t\t<div class=\"elementor-element elementor-element-2ddc671 elementor-widget elementor-widget-heading\" data-id=\"2ddc671\" data-element_type=\"widget\" data-e-type=\"widget\" data-widget_type=\"heading.default\">\n\t\t\t\t<div class=\"elementor-widget-container\">\n\t\t\t\t\t<span class=\"elementor-heading-title elementor-size-default\">CEO<\/span>\t\t\t\t<\/div>\n\t\t\t\t<\/div>\n\t\t\t\t<\/div>\n\t\t\t\t\t<\/div>\n\t\t\t\t<\/div>\n\t\t<div class=\"elementor-element elementor-element-282dec1 e-flex e-con-boxed e-con e-parent\" data-id=\"282dec1\" data-element_type=\"container\" data-e-type=\"container\">\n\t\t\t\t\t<div class=\"e-con-inner\">\n\t\t<div class=\"elementor-element elementor-element-6275988 e-con-full e-flex e-con e-child\" data-id=\"6275988\" data-element_type=\"container\" data-e-type=\"container\">\n\t\t\t\t<div class=\"elementor-element elementor-element-ddcdb52 elementor-widget elementor-widget-heading\" data-id=\"ddcdb52\" data-element_type=\"widget\" data-e-type=\"widget\" data-widget_type=\"heading.default\">\n\t\t\t\t<div class=\"elementor-widget-container\">\n\t\t\t\t\t<span class=\"elementor-heading-title elementor-size-default\">Il nostro impegno <\/span>\t\t\t\t<\/div>\n\t\t\t\t<\/div>\n\t\t\t\t<div class=\"elementor-element elementor-element-ae10102 elementor-widget elementor-widget-text-editor\" data-id=\"ae10102\" data-element_type=\"widget\" data-e-type=\"widget\" data-widget_type=\"text-editor.default\">\n\t\t\t\t<div class=\"elementor-widget-container\">\n\t\t\t\t\t\t\t\t\t<p>Crediamo che il design non sia solo una questione di forme, ma un linguaggio fatto di materiali, proporzioni e sensazioni.<br data-start=\"1107\" data-end=\"1110\" \/>Per questo, selezioniamo arredi che raccontano una storia: quella di <strong data-start=\"1179\" data-end=\"1210\">aziende italiane ed europee<\/strong> che da anni rappresentano l\u2019eccellenza nel settore.<\/p><p>Non siamo semplici rivenditori: siamo <strong data-start=\"2128\" data-end=\"2151\">curatori del design<\/strong>.<br data-start=\"2152\" data-end=\"2155\" \/>Ogni articolo viene controllato, fotografato e descritto in modo trasparente per garantirti <strong data-start=\"2247\" data-end=\"2292\">la massima fiducia e chiarezza d\u2019acquisto<\/strong>.<br data-start=\"2293\" data-end=\"2296\" \/>Collaboriamo con aziende partner, interior designer e professionisti del settore per creare <strong data-start=\"2388\" data-end=\"2415\">un ecosistema di valore<\/strong>, in cui ogni arredo trova il suo spazio ideale.<\/p><p><strong data-start=\"2494\" data-end=\"2519\">Design che valorizza.<\/strong><br data-start=\"2519\" data-end=\"2522\" \/>Scopri come dare forma al tuo progetto con la nostra selezione di arredi di design: autentici, ricercati, pronti a vivere una nuova storia.<\/p>\t\t\t\t\t\t\t\t<\/div>\n\t\t\t\t<\/div>\n\t\t\t\t<\/div>\n\t\t<div class=\"elementor-element elementor-element-41c86a6 e-con-full e-flex e-con e-child\" data-id=\"41c86a6\" data-element_type=\"container\" data-e-type=\"container\" data-settings=\"{&quot;background_background&quot;:&quot;classic&quot;}\">\n\t\t\t\t<\/div>\n\t\t\t\t\t<\/div>\n\t\t\t\t<\/div>\n\t\t<div class=\"elementor-element elementor-element-24a243e e-flex e-con-boxed e-con e-parent\" data-id=\"24a243e\" data-element_type=\"container\" data-e-type=\"container\">\n\t\t\t\t\t<div class=\"e-con-inner\">\n\t\t\t\t<div class=\"elementor-element elementor-element-11fe874 elementor-widget elementor-widget-ideapark-icon-list-1\" data-id=\"11fe874\" data-element_type=\"widget\" data-e-type=\"widget\" data-widget_type=\"ideapark-icon-list-1.default\">\n\t\t\t\t<div class=\"elementor-widget-container\">\n\t\t\t\t\t\t\t<div class=\"c-ip-icon-list-1 l-section\">\n\t\t\t<ul class=\"c-ip-icon-list-1__list c-ip-icon-list-1__list--layout-2\">\n\t\t\t\t\t\t\t\t\t\t\t\t\t\t<li class=\"c-ip-icon-list-1__item c-ip-icon-list-1__item--layout-2\">\n\t\t\t\t\t\t\t\t\t\t\t\t<div\n\t\t\t\t\t\t\tclass=\"c-ip-icon-list-1__item-wrap c-ip-icon-list-1__item-wrap--layout-2\">\n\t\t\t\t\t\t\t\t\t\t\t\t\t\t\t<i aria-hidden=\"true\" class=\"c-ip-icon-list-1__icon fibd21- fi-bd21-shipping-2\"><\/i>\t\t\t\t\t\t\t\n\t\t\t\t\t\t\t\t\t\t\t\t\t\t\t<div class=\"c-ip-icon-list-1__title\">Selezione curata di design autentico<\/div>\n\t\t\t\t\t\t\t\t\t\t\t\t\t<\/div>\n\t\t\t\t\t\t\t\t\t\t\t<\/li>\n\t\t\t\t\t\t\t\t\t\t\t\t\t\t<li class=\"c-ip-icon-list-1__item c-ip-icon-list-1__item--layout-2\">\n\t\t\t\t\t\t\t\t\t\t\t\t<div\n\t\t\t\t\t\t\tclass=\"c-ip-icon-list-1__item-wrap c-ip-icon-list-1__item-wrap--layout-2\">\n\t\t\t\t\t\t\t\t\t\t\t\t\t\t\t<i aria-hidden=\"true\" class=\"c-ip-icon-list-1__icon fibd21- fi-bd21-discount\"><\/i>\t\t\t\t\t\t\t\n\t\t\t\t\t\t\t\t\t\t\t\t\t\t\t<div class=\"c-ip-icon-list-1__title\">Approccio sostenibile e consapevole<\/div>\n\t\t\t\t\t\t\t\t\t\t\t\t\t<\/div>\n\t\t\t\t\t\t\t\t\t\t\t<\/li>\n\t\t\t\t\t\t\t\t\t\t\t\t\t\t<li class=\"c-ip-icon-list-1__item c-ip-icon-list-1__item--layout-2\">\n\t\t\t\t\t\t\t\t\t\t\t\t<div\n\t\t\t\t\t\t\tclass=\"c-ip-icon-list-1__item-wrap c-ip-icon-list-1__item-wrap--layout-2\">\n\t\t\t\t\t\t\t\t\t\t\t\t\t\t\t<i aria-hidden=\"true\" class=\"c-ip-icon-list-1__icon fibd21- fi-bd21-support\"><\/i>\t\t\t\t\t\t\t\n\t\t\t\t\t\t\t\t\t\t\t\t\t\t\t<div class=\"c-ip-icon-list-1__title\">Valore accessibile senza compromessi<\/div>\n\t\t\t\t\t\t\t\t\t\t\t\t\t<\/div>\n\t\t\t\t\t\t\t\t\t\t\t<\/li>\n\t\t\t\t\t\t\t<\/ul>\n\t\t<\/div>\n\t\t\t\t\t\t<\/div>\n\t\t\t\t<\/div>\n\t\t\t\t\t<\/div>\n\t\t\t\t<\/div>\n\t\t<div class=\"elementor-element elementor-element-b2e8c8e e-flex e-con-boxed e-con e-parent\" data-id=\"b2e8c8e\" data-element_type=\"container\" data-e-type=\"container\">\n\t\t\t\t\t<div class=\"e-con-inner\">\n\t\t\t\t<div class=\"elementor-element elementor-element-10b0eae elementor-widget elementor-widget-heading\" data-id=\"10b0eae\" data-element_type=\"widget\" data-e-type=\"widget\" data-widget_type=\"heading.default\">\n\t\t\t\t<div class=\"elementor-widget-container\">\n\t\t\t\t\t<span class=\"elementor-heading-title elementor-size-default\">Ultime News<\/span>\t\t\t\t<\/div>\n\t\t\t\t<\/div>\n\t\t\t\t<div class=\"elementor-element elementor-element-d68218e elementor-widget elementor-widget-ideapark-news-carousel\" data-id=\"d68218e\" data-element_type=\"widget\" data-e-type=\"widget\" data-widget_type=\"ideapark-news-carousel.default\">\n\t\t\t\t<div class=\"elementor-widget-container\">\n\t\t\t\t\t\t\t<div class=\"c-ip-news-carousel c-ip-news-carousel--grid c-ip-news-carousel--boxed\">\n\t\t\t<div\n\t\t\t\tclass=\"c-ip-news-carousel__wrap c-ip-news-carousel__wrap--grid c-ip-news-carousel__wrap--4\">\n\t\t\t\t<div\n\t\t\t\t\tclass=\"c-ip-news-carousel__list c-ip-news-carousel__list--grid c-ip-news-carousel__list--4 js-news-carousel h-carousel h-carousel--flex h-carousel--hover h-carousel--round h-carousel--inner h-carousel--default-dots\"\n\t\t\t\t\tdata-count=\"4\">\n\t\t\t\t\t\t\t\t\t\t\t\t\t\t\t\t\t<article\r\n\tid=\"post-1\" class=\"c-post-list c-post-list--standard c-post-list--grid c-post-list--no-sidebar c-post-list--with-thumb c-post-list--post js-post-item post-1 post type-post status-publish format-standard hentry category-senza-categoria\">\r\n\r\n\t\t\t<div\r\n\t\t\tclass=\"c-post-list__thumb c-post-list__thumb--standard c-post-list__thumb--grid\">\r\n\t\t\t\t\t\t\t<div\r\n\t\t\t\t\tclass=\"c-post-list__thumb-inner c-post-list__thumb-inner--grid\">\r\n\t\t\t\t\t\t\t\t\t\t\t<a href=\"https:\/\/armoni.it\/?p=1\" role=\"presentation\">\r\n\t\t\t\t\t\t\t<img fetchpriority=\"high\" decoding=\"async\" class=\"c-post-list__img\" width=\"1120\" height=\"602\" src=\"https:\/\/armoni.it\/wp-content\/uploads\/2023\/04\/moderno-3048471019.jpg\" srcset=\"https:\/\/armoni.it\/wp-content\/uploads\/2023\/04\/moderno-3048471019.jpg 1120w, https:\/\/armoni.it\/wp-content\/uploads\/2023\/04\/moderno-3048471019-300x161.jpg 300w, https:\/\/armoni.it\/wp-content\/uploads\/2023\/04\/moderno-3048471019-960x516.jpg 960w, https:\/\/armoni.it\/wp-content\/uploads\/2023\/04\/moderno-3048471019-600x323.jpg 600w, https:\/\/armoni.it\/wp-content\/uploads\/2023\/04\/moderno-3048471019-145x78.jpg 145w\" sizes=\"(max-width: 1120px) 100vw, 1120px\" alt=\"moderno-2356916979.jpg\"\/>\t\t\t\t\t\t<\/a>\r\n\t\t\t\t\t\t\t\t\t<\/div>\r\n\t\t\t\t\t<\/div>\r\n\t\r\n\t<div\r\n\t\tclass=\"c-post-list__wrap c-post-list__wrap--standard c-post-list__wrap--grid  c-post-list__wrap--with-thumb   c-post-list__wrap--no-sidebar \">\r\n\r\n\t\t\r\n\t\t\t\t\t\t\t<div\r\n\t\t\t\t\tclass=\"c-post-list__meta-date  c-post-list__meta-date--with-thumb   c-post-list__meta-date--no-sidebar  c-post-list__meta-date--grid\">\r\n\t\t\t\t\t29 Aprile 2025\t\t\t\t<\/div>\r\n\t\t\t\r\n\t\t\t\r\n\t\t\t<a class=\"c-post-list__header-link\" href=\"https:\/\/armoni.it\/?p=1\"><h2 class=\"c-post-list__header\">Ciao mondo!<\/h2><\/a>\r\n\t\t\t\r\n\t\t\t\t\t<div class=\"c-post-list__except\">\r\n\t\t\t\t\t\t\t\t\t<p>Ti diamo il benvenuto in WordPress. Questo \u00e8 il tuo primo articolo. Modificalo o eliminalo e quindi inizia&hellip;<\/p>\n\t\t\t\t\t\t\t\t<\/div>\r\n\t\t\r\n\t\t<div class=\"c-post-list__spacer\"><\/div>\r\n\r\n\r\n\t\t\t\t\t\t\t\t<div class=\"c-post-list__meta-category\">\r\n\t\t\t\t<a class=\"c-post-list__categories-item-link\" href=\"https:\/\/armoni.it\/?cat=1\" title=\"Visualizza tutti i post in Senza categoria\" >Senza categoria<\/a>\t\t\t<\/div>\r\n\t\t\r\n\t\t\r\n\t\t<a class=\"c-post-list__continue\"\r\n\t\t   aria-label=\"Per saperne di pi\u00f9: Ciao mondo!\"\r\n\t\t   href=\"https:\/\/armoni.it\/?p=1\"><span\r\n\t\t\t\tclass=\"c-post-list__continue-text\">Per saperne di pi\u00f9<\/span>\r\n\t\t\t<span class=\"screen-reader-text\">Ciao mondo!<\/span>\r\n\t\t\t<i class=\"c-post-list__continue-icon ip-button-more\"><\/i><\/a>\r\n\t<\/div>\r\n\r\n<\/article>\t\t\t\t\t\t\t\t\t\t\t\t\t\t\t\t\t<article\r\n\tid=\"post-736\" class=\"c-post-list c-post-list--image c-post-list--grid c-post-list--no-sidebar c-post-list--with-thumb c-post-list--post js-post-item post-736 post type-post status-publish format-image has-post-thumbnail hentry category-news tag-collections tag-new post_format-post-format-image\">\r\n\r\n\t\t\t<div\r\n\t\t\tclass=\"c-post-list__thumb c-post-list__thumb--image c-post-list__thumb--grid\">\r\n\t\t\t\t\t\t\t<div\r\n\t\t\t\t\tclass=\"c-post-list__thumb-inner c-post-list__thumb-inner--grid\">\r\n\t\t\t\t\t\t\t\t\t\t\t<a href=\"https:\/\/armoni.it\/?p=736\" role=\"presentation\">\r\n\t\t\t\t\t\t\t<img decoding=\"async\" class=\"c-post-list__img\" width=\"960\" height=\"847\" src=\"https:\/\/armoni.it\/wp-content\/uploads\/2023\/04\/moderno-3021098175-960x847.jpg\" srcset=\"https:\/\/armoni.it\/wp-content\/uploads\/2023\/04\/moderno-3021098175-960x847.jpg 960w, https:\/\/armoni.it\/wp-content\/uploads\/2023\/04\/moderno-3021098175-300x265.jpg 300w, https:\/\/armoni.it\/wp-content\/uploads\/2023\/04\/moderno-3021098175-600x529.jpg 600w, https:\/\/armoni.it\/wp-content\/uploads\/2023\/04\/moderno-3021098175-145x128.jpg 145w, https:\/\/armoni.it\/wp-content\/uploads\/2023\/04\/moderno-3021098175.jpg 1000w\" sizes=\"(min-width: 1190px) calc(33.3vw - 120px), (min-width: 768px) calc(50vw - 50px), calc(100vw - 40px)\" alt=\"kam-idris-_HqHX3LBN18-unsplash\"\/>\t\t\t\t\t\t<\/a>\r\n\t\t\t\t\t\t\t\t\t<\/div>\r\n\t\t\t\t\t<\/div>\r\n\t\r\n\t<div\r\n\t\tclass=\"c-post-list__wrap c-post-list__wrap--image c-post-list__wrap--grid  c-post-list__wrap--with-thumb   c-post-list__wrap--no-sidebar \">\r\n\r\n\t\t\r\n\t\t\t\t\t\t\t<div\r\n\t\t\t\t\tclass=\"c-post-list__meta-date  c-post-list__meta-date--with-thumb   c-post-list__meta-date--no-sidebar  c-post-list__meta-date--grid\">\r\n\t\t\t\t\t23 Aprile 2023\t\t\t\t<\/div>\r\n\t\t\t\r\n\t\t\t\r\n\t\t\t<a class=\"c-post-list__header-link\" href=\"https:\/\/armoni.it\/?p=736\"><h2 class=\"c-post-list__header\">Summer Collections<\/h2><\/a>\r\n\t\t\t\r\n\t\t\t\t\t<div class=\"c-post-list__except\">\r\n\t\t\t\t\t\t\t\t\t<p>Summer is just around the corner, which means it&#8217;s time to update our wardrobes with the latest fashion trends. <\/p>\n\t\t\t\t\t\t\t\t<\/div>\r\n\t\t\r\n\t\t<div class=\"c-post-list__spacer\"><\/div>\r\n\r\n\r\n\t\t\t\t\t\t\t\t<div class=\"c-post-list__meta-category\">\r\n\t\t\t\t<a class=\"c-post-list__categories-item-link\" href=\"https:\/\/armoni.it\/?cat=17\" title=\"Visualizza tutti i post in News\" >News<\/a>\t\t\t<\/div>\r\n\t\t\r\n\t\t\r\n\t\t<a class=\"c-post-list__continue\"\r\n\t\t   aria-label=\"Per saperne di pi\u00f9: Summer Collections\"\r\n\t\t   href=\"https:\/\/armoni.it\/?p=736\"><span\r\n\t\t\t\tclass=\"c-post-list__continue-text\">Per saperne di pi\u00f9<\/span>\r\n\t\t\t<span class=\"screen-reader-text\">Summer Collections<\/span>\r\n\t\t\t<i class=\"c-post-list__continue-icon ip-button-more\"><\/i><\/a>\r\n\t<\/div>\r\n\r\n<\/article>\t\t\t\t\t\t\t\t\t\t\t\t\t\t\t\t\t<article\r\n\tid=\"post-734\" class=\"c-post-list c-post-list--gallery c-post-list--grid c-post-list--no-sidebar c-post-list--with-thumb c-post-list--post js-post-item post-734 post type-post status-publish format-gallery has-post-thumbnail hentry category-discounts tag-gifts tag-sales post_format-post-format-gallery\">\r\n\r\n\t\t\t<div\r\n\t\t\tclass=\"c-post-list__thumb c-post-list__thumb--gallery c-post-list__thumb--grid\">\r\n\t\t\t\t\t\t\t<div\r\n\t\t\t\t\tclass=\"c-post-list__thumb-inner c-post-list__thumb-inner--grid\">\r\n\t\t\t\t\t\t\t\t\t\t\t<a href=\"https:\/\/armoni.it\/?p=734\" role=\"presentation\">\r\n\t\t\t\t\t\t\t<img decoding=\"async\" class=\"c-post-list__img\" width=\"960\" height=\"640\" src=\"https:\/\/armoni.it\/wp-content\/uploads\/2023\/04\/moderno-3021995357-960x640.jpg\" srcset=\"https:\/\/armoni.it\/wp-content\/uploads\/2023\/04\/moderno-3021995357-960x640.jpg 960w, https:\/\/armoni.it\/wp-content\/uploads\/2023\/04\/moderno-3021995357-300x200.jpg 300w, https:\/\/armoni.it\/wp-content\/uploads\/2023\/04\/moderno-3021995357-600x400.jpg 600w, https:\/\/armoni.it\/wp-content\/uploads\/2023\/04\/moderno-3021995357-145x97.jpg 145w, https:\/\/armoni.it\/wp-content\/uploads\/2023\/04\/moderno-3021995357.jpg 1000w\" sizes=\"(min-width: 1190px) calc(33.3vw - 120px), (min-width: 768px) calc(50vw - 50px), calc(100vw - 40px)\" alt=\"jean-philippe-delberghe-Dw67tbZKix0-unsplash\"\/>\t\t\t\t\t\t<\/a>\r\n\t\t\t\t\t\t\t\t\t<\/div>\r\n\t\t\t\t\t<\/div>\r\n\t\r\n\t<div\r\n\t\tclass=\"c-post-list__wrap c-post-list__wrap--gallery c-post-list__wrap--grid  c-post-list__wrap--with-thumb   c-post-list__wrap--no-sidebar \">\r\n\r\n\t\t\r\n\t\t\t\t\t\t\t<div\r\n\t\t\t\t\tclass=\"c-post-list__meta-date  c-post-list__meta-date--with-thumb   c-post-list__meta-date--no-sidebar  c-post-list__meta-date--grid\">\r\n\t\t\t\t\t23 Aprile 2023\t\t\t\t<\/div>\r\n\t\t\t\r\n\t\t\t\r\n\t\t\t<a class=\"c-post-list__header-link\" href=\"https:\/\/armoni.it\/?p=734\"><h2 class=\"c-post-list__header\">Best Gifts for Holidays<\/h2><\/a>\r\n\t\t\t\r\n\t\t\t\t\t<div class=\"c-post-list__except\">\r\n\t\t\t\t\t\t\t\t\t<p>The holiday season is a time for joy, celebration, and giving. Finding the perfect gift for your loved ones can be a challenge, but with a little thought and creativity.<\/p>\n\t\t\t\t\t\t\t\t<\/div>\r\n\t\t\r\n\t\t<div class=\"c-post-list__spacer\"><\/div>\r\n\r\n\r\n\t\t\t\t\t\t\t\t<div class=\"c-post-list__meta-category\">\r\n\t\t\t\t<a class=\"c-post-list__categories-item-link\" href=\"https:\/\/armoni.it\/?cat=16\" title=\"Visualizza tutti i post in Discounts\" >Discounts<\/a>\t\t\t<\/div>\r\n\t\t\r\n\t\t\r\n\t\t<a class=\"c-post-list__continue\"\r\n\t\t   aria-label=\"Per saperne di pi\u00f9: Best Gifts for Holidays\"\r\n\t\t   href=\"https:\/\/armoni.it\/?p=734\"><span\r\n\t\t\t\tclass=\"c-post-list__continue-text\">Per saperne di pi\u00f9<\/span>\r\n\t\t\t<span class=\"screen-reader-text\">Best Gifts for Holidays<\/span>\r\n\t\t\t<i class=\"c-post-list__continue-icon ip-button-more\"><\/i><\/a>\r\n\t<\/div>\r\n\r\n<\/article>\t\t\t\t\t\t\t\t\t\t\t\t\t\t\t\t\t<article\r\n\tid=\"post-732\" class=\"c-post-list c-post-list--video c-post-list--grid c-post-list--no-sidebar c-post-list--with-thumb c-post-list--post js-post-item post-732 post type-post status-publish format-video has-post-thumbnail hentry category-promo tag-collection tag-promo post_format-post-format-video\">\r\n\r\n\t\t\t<div\r\n\t\t\tclass=\"c-post-list__thumb c-post-list__thumb--video c-post-list__thumb--grid\">\r\n\t\t\t\t\t\t\t<div\r\n\t\t\t\t\tclass=\"c-post-list__thumb-inner c-post-list__thumb-inner--grid\">\r\n\r\n\t\t\t\t\t<a href=\"https:\/\/www.youtube.com\/watch?v=6IKU6vmOMac\" class=\"js-video c-post-list__video\"\r\n\t\t\t\t\t   onclick=\"return false;\"\r\n\t\t\t\t\t   data-autoplay=\"true\"\r\n\t\t\t\t\t   data-vbtype=\"video\" role=\"presentation\">\r\n\t\t\t\t\t\t<img loading=\"lazy\" decoding=\"async\" class=\"c-post-list__img\" width=\"960\" height=\"540\" src=\"https:\/\/armoni.it\/wp-content\/uploads\/2023\/04\/moderno-3021010886-960x540.jpg\" srcset=\"https:\/\/armoni.it\/wp-content\/uploads\/2023\/04\/moderno-3021010886-960x540.jpg 960w, https:\/\/armoni.it\/wp-content\/uploads\/2023\/04\/moderno-3021010886-300x169.jpg 300w, https:\/\/armoni.it\/wp-content\/uploads\/2023\/04\/moderno-3021010886-600x338.jpg 600w, https:\/\/armoni.it\/wp-content\/uploads\/2023\/04\/moderno-3021010886-145x82.jpg 145w, https:\/\/armoni.it\/wp-content\/uploads\/2023\/04\/moderno-3021010886.jpg 1000w\" sizes=\"(min-width: 1190px) calc(33.3vw - 120px), (min-width: 768px) calc(50vw - 50px), calc(100vw - 40px)\" alt=\"spacejoy-trG8989WjFA-unsplash\"\/>\t\t\t\t\t\t<i class=\"c-play c-play--disabled\"><\/i>\r\n\t\t\t\t\t<\/a>\r\n\t\t\t\t<\/div>\r\n\t\t\t\t\t<\/div>\r\n\t\r\n\t<div\r\n\t\tclass=\"c-post-list__wrap c-post-list__wrap--video c-post-list__wrap--grid  c-post-list__wrap--with-thumb   c-post-list__wrap--no-sidebar \">\r\n\r\n\t\t\r\n\t\t\t\t\t\t\t<div\r\n\t\t\t\t\tclass=\"c-post-list__meta-date  c-post-list__meta-date--with-thumb   c-post-list__meta-date--no-sidebar  c-post-list__meta-date--grid\">\r\n\t\t\t\t\t23 Aprile 2023\t\t\t\t<\/div>\r\n\t\t\t\r\n\t\t\t\r\n\t\t\t<a class=\"c-post-list__header-link\" href=\"https:\/\/armoni.it\/?p=732\"><h2 class=\"c-post-list__header\">Gigi Hadid Show Our New Luxury Collection<\/h2><\/a>\r\n\t\t\t\r\n\t\t\t\t\t<div class=\"c-post-list__except\">\r\n\t\t\t\t\t\t\t\t\t<p>Fashion icon Gigi Hadid has once again taken the fashion world by storm with her latest collection. <\/p>\n\t\t\t\t\t\t\t\t<\/div>\r\n\t\t\r\n\t\t<div class=\"c-post-list__spacer\"><\/div>\r\n\r\n\r\n\t\t\t\t\t\t\t\t<div class=\"c-post-list__meta-category\">\r\n\t\t\t\t<a class=\"c-post-list__categories-item-link\" href=\"https:\/\/armoni.it\/?cat=18\" title=\"Visualizza tutti i post in Promo\" >Promo<\/a>\t\t\t<\/div>\r\n\t\t\r\n\t\t\r\n\t\t<a class=\"c-post-list__continue\"\r\n\t\t   aria-label=\"Per saperne di pi\u00f9: Gigi Hadid Show Our New Luxury Collection\"\r\n\t\t   href=\"https:\/\/armoni.it\/?p=732\"><span\r\n\t\t\t\tclass=\"c-post-list__continue-text\">Per saperne di pi\u00f9<\/span>\r\n\t\t\t<span class=\"screen-reader-text\">Gigi Hadid Show Our New Luxury Collection<\/span>\r\n\t\t\t<i class=\"c-post-list__continue-icon ip-button-more\"><\/i><\/a>\r\n\t<\/div>\r\n\r\n<\/article>\t\t\t\t\t\t\t\t\t<\/div>\n\t\t\t<\/div>\n\t\t<\/div>\n\t\t\t\t\t\t<\/div>\n\t\t\t\t<\/div>\n\t\t\t\t\t<\/div>\n\t\t\t\t<\/div>\n\t\t\t\t<\/div>\n\t\t","protected":false},"excerpt":{"rendered":"<p>L\u2019eleganza del design, il valore dell\u2019intelligenza. Armoni nasce dall\u2019idea di offrire una nuova prospettiva sul mondo dell\u2019arredo: rendere&hellip;<\/p>\n","protected":false},"author":1,"featured_media":0,"parent":0,"menu_order":0,"comment_status":"closed","ping_status":"closed","template":"elementor_header_footer","meta":{"footnotes":""},"class_list":["post-2156","page","type-page","status-publish","hentry"],"_links":{"self":[{"href":"https:\/\/armoni.it\/index.php?rest_route=\/wp\/v2\/pages\/2156","targetHints":{"allow":["GET"]}}],"collection":[{"href":"https:\/\/armoni.it\/index.php?rest_route=\/wp\/v2\/pages"}],"about":[{"href":"https:\/\/armoni.it\/index.php?rest_route=\/wp\/v2\/types\/page"}],"author":[{"embeddable":true,"href":"https:\/\/armoni.it\/index.php?rest_route=\/wp\/v2\/users\/1"}],"replies":[{"embeddable":true,"href":"https:\/\/armoni.it\/index.php?rest_route=%2Fwp%2Fv2%2Fcomments&post=2156"}],"version-history":[{"count":10,"href":"https:\/\/armoni.it\/index.php?rest_route=\/wp\/v2\/pages\/2156\/revisions"}],"predecessor-version":[{"id":3904,"href":"https:\/\/armoni.it\/index.php?rest_route=\/wp\/v2\/pages\/2156\/revisions\/3904"}],"wp:attachment":[{"href":"https:\/\/armoni.it\/index.php?rest_route=%2Fwp%2Fv2%2Fmedia&parent=2156"}],"curies":[{"name":"wp","href":"https:\/\/api.w.org\/{rel}","templated":true}]}}